{"id":134,"date":"2024-04-25T16:31:20","date_gmt":"2024-04-25T16:31:20","guid":{"rendered":"https:\/\/solutionsc.net\/?page_id=134"},"modified":"2024-04-25T16:53:56","modified_gmt":"2024-04-25T16:53:56","slug":"kurumsal-e-posta-iphone-kurulumu","status":"publish","type":"page","link":"https:\/\/solutionsc.net\/index.php\/kurumsal-e-posta-iphone-kurulumu\/","title":{"rendered":"Kurumsal Mail Iphone Kurulumu"},"content":{"rendered":"<p><strong>Standart<\/strong>\u00a0veya\u00a0<strong>Profesyonel\u00a0<\/strong>e-posta hesab\u0131n\u0131z\u0131\u00a0olu\u015fturduktan sonra, posta kutunuzu IOS i\u015fletim sistemli, iPhone telefonunuz \u00fczerinde\u00a0kullanabilirsiniz.<\/p>\n<p>E\u011fer Android Telefona Kurulum Yapmak isterseniz <a href=\"https:\/\/solutionsc.net\/index.php\/kurumsal-mail-android-kurulum\/\">buradan ilgili makaleye ula\u015fabiirsiniz.<\/a><\/p>\n<p>&nbsp;<\/p>\n<p>1.\u00a0Telefonunuzun<span>\u00a0<\/span><strong>Ayarlar<\/strong><span>\u00a0<\/span>ekran\u0131na girerek,<span>\u00a0<\/span><strong>Mail<\/strong><span>\u00a0<\/span>men\u00fcs\u00fcn\u00fc se\u00e7in.<\/p>\n<p><img data-recalc-dims=\"1\" decoding=\"async\" alt=\"\" src=\"https:\/\/i0.wp.com\/cdnsupport.natrocdn.com\/resources\/Standart_Pro_IOS_01.png?w=750\" \/><\/p>\n<p>&nbsp;<\/p>\n<p>2.\u00a0<strong>Hesaplar<\/strong><span>\u00a0<\/span>se\u00e7ene\u011fini se\u00e7in.<\/p>\n<p><img data-recalc-dims=\"1\" decoding=\"async\" alt=\"\" src=\"https:\/\/i0.wp.com\/cdnsupport.natrocdn.com\/resources\/Standart_Pro_IOS_2.png?w=750\" \/><\/p>\n<p>&nbsp;<\/p>\n<p>3.\u00a0<strong>Hesap Ekle<\/strong><span>\u00a0<\/span>se\u00e7ene\u011fini i\u015faretleyerek devam edin.<\/p>\n<p><img data-recalc-dims=\"1\" decoding=\"async\" alt=\"\" src=\"https:\/\/i0.wp.com\/cdnsupport.natrocdn.com\/resources\/Standart_Pro_IOS_3.png?w=750\" \/><\/p>\n<p>&nbsp;<\/p>\n<p>4.<span>\u00a0<\/span><strong>Di\u011fer<\/strong>&#8216;i se\u00e7in.<\/p>\n<p><img data-recalc-dims=\"1\" decoding=\"async\" alt=\"\" src=\"https:\/\/i0.wp.com\/cdnsupport.natrocdn.com\/resources\/Standart_Pro_IOS_4.png?w=750\" \/><\/p>\n<p>&nbsp;<\/p>\n<p>5.<span>\u00a0<\/span><strong>Mail Hesab\u0131 Ekle<\/strong>&#8216;yi se\u00e7in.<\/p>\n<p><img data-recalc-dims=\"1\" decoding=\"async\" alt=\"\" src=\"https:\/\/i0.wp.com\/cdnsupport.natrocdn.com\/resources\/Standart_Pro_IOS_5.png?w=750\" \/><\/p>\n<p>&nbsp;<\/p>\n<p>6. Ad, E-posta, Parola ve A\u00e7\u0131klama k\u0131s\u0131mlar\u0131n\u0131 doldurun ve<span>\u00a0<\/span><strong>Sonraki<\/strong>&#8216;ni se\u00e7in.<\/p>\n<p><img data-recalc-dims=\"1\" decoding=\"async\" alt=\"\" src=\"https:\/\/i0.wp.com\/cdnsupport.natrocdn.com\/resources\/Standart_Pro_IOS_6.png?w=750\" \/><\/p>\n<p>&nbsp;<\/p>\n<p>7.<strong><span>\u00a0<\/span>IMAP<span>\u00a0<\/span><\/strong>(\u00d6nerilir) se\u00e7in. Ad, E-posta, A\u00e7\u0131klama, Gelen ve Giden Sunucu Ad\u0131, Kullan\u0131c\u0131 Ad\u0131 ve Parola k\u0131s\u0131mlar\u0131n\u0131 doldurun ve<span>\u00a0<\/span><strong>Sonraki<\/strong>&#8216;ni se\u00e7in.<\/p>\n<p><strong>Gelen ve Giden Sunucu Adresi:<\/strong><span>\u00a0<\/span>mail.kurumsaleposta.com<\/p>\n<p><img data-recalc-dims=\"1\" decoding=\"async\" alt=\"\" src=\"https:\/\/i0.wp.com\/cdnsupport.natrocdn.com\/resources\/Standart_Pro_IOS_7.png?w=750\" \/><\/p>\n<p>&nbsp;<\/p>\n<p>8.<span>\u00a0<\/span><strong>Kaydet<\/strong>&#8216;i se\u00e7in.<\/p>\n<p><img data-recalc-dims=\"1\" decoding=\"async\" alt=\"\" src=\"https:\/\/i0.wp.com\/cdnsupport.natrocdn.com\/resources\/Standart_Pro_IOS_8.png?w=750\" \/><\/p>\n<p>&nbsp;<\/p>\n<p>Tebrikler ! Kurulum sonras\u0131 hemen e-posta almaya ve g\u00f6ndermeye ba\u015flayabilirsiniz.<\/p>\n","protected":false},"excerpt":{"rendered":"<p>Standart\u00a0veya\u00a0Profesyonel\u00a0e-posta hesab\u0131n\u0131z\u0131\u00a0olu\u015fturduktan sonra, posta kutunuzu IOS i\u015fletim sistemli, iPhone telefonunuz \u00fczerinde\u00a0kullanabilirsiniz. E\u011fer Android Telefona Kurulum Yapmak isterseniz buradan ilgili makaleye ula\u015fabiirsiniz. &nbsp; 1.\u00a0Telefonunuzun\u00a0Ayarlar\u00a0ekran\u0131na girerek,\u00a0Mail\u00a0men\u00fcs\u00fcn\u00fc se\u00e7in. &nbsp; 2.\u00a0Hesaplar\u00a0se\u00e7ene\u011fini se\u00e7in. &nbsp; 3.\u00a0Hesap Ekle\u00a0se\u00e7ene\u011fini i\u015faretleyerek devam edin. &nbsp; 4.\u00a0Di\u011fer&#8216;i se\u00e7in. &nbsp; 5.\u00a0Mail Hesab\u0131 Ekle&#8216;yi se\u00e7in. &nbsp; 6. Ad, E-posta, Parola ve A\u00e7\u0131klama k\u0131s\u0131mlar\u0131n\u0131 [&hellip;]<\/p>\n","protected":false},"author":1,"featured_media":0,"parent":0,"menu_order":0,"comment_status":"closed","ping_status":"closed","template":"","meta":{"footnotes":""},"class_list":["post-134","page","type-page","status-publish","hentry"],"jetpack-related-posts":[],"jetpack_sharing_enabled":true,"_links":{"self":[{"href":"https:\/\/solutionsc.net\/index.php\/wp-json\/wp\/v2\/pages\/134","targetHints":{"allow":["GET"]}}],"collection":[{"href":"https:\/\/solutionsc.net\/index.php\/wp-json\/wp\/v2\/pages"}],"about":[{"href":"https:\/\/solutionsc.net\/index.php\/wp-json\/wp\/v2\/types\/page"}],"author":[{"embeddable":true,"href":"https:\/\/solutionsc.net\/index.php\/wp-json\/wp\/v2\/users\/1"}],"replies":[{"embeddable":true,"href":"https:\/\/solutionsc.net\/index.php\/wp-json\/wp\/v2\/comments?post=134"}],"version-history":[{"count":3,"href":"https:\/\/solutionsc.net\/index.php\/wp-json\/wp\/v2\/pages\/134\/revisions"}],"predecessor-version":[{"id":147,"href":"https:\/\/solutionsc.net\/index.php\/wp-json\/wp\/v2\/pages\/134\/revisions\/147"}],"wp:attachment":[{"href":"https:\/\/solutionsc.net\/index.php\/wp-json\/wp\/v2\/media?parent=134"}],"curies":[{"name":"wp","href":"https:\/\/api.w.org\/{rel}","templated":true}]}}