{"id":138,"date":"2024-04-25T16:36:53","date_gmt":"2024-04-25T16:36:53","guid":{"rendered":"https:\/\/solutionsc.net\/?page_id=138"},"modified":"2024-04-25T16:36:53","modified_gmt":"2024-04-25T16:36:53","slug":"kurumsal-mail-android-kurulum","status":"publish","type":"page","link":"https:\/\/solutionsc.net\/index.php\/kurumsal-mail-android-kurulum\/","title":{"rendered":"Kurumsal Mail Android Kurulum"},"content":{"rendered":"<p><strong>Standart<\/strong>\u00a0ve\u00a0<strong>Profesyonel\u00a0<\/strong>e-posta hesab\u0131n\u0131z\u0131\u00a0olu\u015fturduktan sonra, posta kutunuzu Android\u00a0i\u015fletim sistemli telefonunuz \u00fczerinde\u00a0kullanabilirsiniz.<\/p>\n<p>&nbsp;<\/p>\n<p>1. Uygulamalar b\u00f6l\u00fcm\u00fcnden<span>\u00a0<\/span><strong>Ayarlar<\/strong><span>\u00a0<\/span>simgesine t\u0131klay\u0131n.<\/p>\n<p>&nbsp;<\/p>\n<p><img data-recalc-dims=\"1\" decoding=\"async\" alt=\"\" src=\"https:\/\/i0.wp.com\/cdnsupport.natrocdn.com\/resources\/android01.jpg?w=750\" \/><\/p>\n<p>&nbsp;<\/p>\n<p>2.<span>\u00a0<\/span><strong>Hesaplar ve yedekleme<\/strong>&#8216;ye t\u0131klay\u0131n.<\/p>\n<p>&nbsp;<\/p>\n<p><img data-recalc-dims=\"1\" decoding=\"async\" alt=\"\" src=\"https:\/\/i0.wp.com\/cdnsupport.natrocdn.com\/resources\/android2%281%29.jpg?w=750\" \/><\/p>\n<p>&nbsp;<\/p>\n<p>3.<span>\u00a0<\/span><strong>Hesaplar\u0131 y\u00f6net<\/strong>&#8216;i t\u0131klay\u0131n.<\/p>\n<p>&nbsp;<\/p>\n<p><img data-recalc-dims=\"1\" decoding=\"async\" alt=\"\" src=\"https:\/\/i0.wp.com\/cdnsupport.natrocdn.com\/resources\/android3.jpg?w=750\" \/><\/p>\n<p>&nbsp;<\/p>\n<p>4.<span>\u00a0<\/span><strong>Hesap ekle<\/strong>&#8216;yi t\u0131klay\u0131n.<\/p>\n<p>&nbsp;<\/p>\n<p><img data-recalc-dims=\"1\" decoding=\"async\" alt=\"\" src=\"https:\/\/i0.wp.com\/cdnsupport.natrocdn.com\/resources\/android4.jpg?w=750\" \/><\/p>\n<p>&nbsp;<\/p>\n<p>5.<span>\u00a0<\/span><strong>Ki\u015fisel (IMAP eri\u015fimi)<\/strong><span>\u00a0<\/span>t\u0131klay\u0131n.<\/p>\n<p>&nbsp;<\/p>\n<p><img data-recalc-dims=\"1\" decoding=\"async\" alt=\"\" src=\"https:\/\/i0.wp.com\/cdnsupport.natrocdn.com\/resources\/android5.jpg?w=750\" \/><\/p>\n<p>&nbsp;<\/p>\n<p>6. E-posta adresinizi girin.<\/p>\n<p>&nbsp;<\/p>\n<p><img data-recalc-dims=\"1\" decoding=\"async\" alt=\"\" src=\"https:\/\/i0.wp.com\/cdnsupport.natrocdn.com\/resources\/andorid56.jpg?w=750\" \/><\/p>\n<p>&nbsp;<\/p>\n<p>7. E-posta hesab\u0131n\u0131z\u0131n \u015fifresini girin.<\/p>\n<p>&nbsp;<\/p>\n<p><img data-recalc-dims=\"1\" decoding=\"async\" alt=\"\" src=\"https:\/\/i0.wp.com\/cdnsupport.natrocdn.com\/resources\/android6.jpg?w=750\" \/><\/p>\n<p>&nbsp;<\/p>\n<p>8. Gelen sunucu adresine &#8220;<strong>mail.kurumsaleposta.com<\/strong>&#8221; yaz\u0131n.<\/p>\n<p>&nbsp;<\/p>\n<p><img data-recalc-dims=\"1\" decoding=\"async\" alt=\"\" src=\"https:\/\/i0.wp.com\/cdnsupport.natrocdn.com\/resources\/android7.jpg?w=750\" \/><\/p>\n<p>&nbsp;<\/p>\n<p>9.\u00a0Giden sunucu adresine &#8220;<strong>mail.kurumsaleposta.com<\/strong>&#8221; yaz\u0131n.<\/p>\n<p>&nbsp;<\/p>\n<p><img data-recalc-dims=\"1\" decoding=\"async\" alt=\"\" src=\"https:\/\/i0.wp.com\/cdnsupport.natrocdn.com\/resources\/android8.jpg?w=750\" \/><\/p>\n<p>&nbsp;<\/p>\n<p>10. Hesap se\u00e7eneklerini yap\u0131n. (Standart ayarlar \u00f6nerilir)<\/p>\n<p>&nbsp;<\/p>\n<p><img data-recalc-dims=\"1\" decoding=\"async\" alt=\"\" src=\"https:\/\/i0.wp.com\/cdnsupport.natrocdn.com\/resources\/android9.jpg?w=750\" \/><\/p>\n<p>&nbsp;<\/p>\n<p>11. Dilerseniz bir Ad Soyad veya Firma Unvan\u0131 yaz\u0131n.<\/p>\n<p>(E-postalar\u0131n\u0131zda g\u00f6nderici ad\u0131 olarak g\u00f6r\u00fcnmesi i\u00e7indir.)<\/p>\n<p>&nbsp;<\/p>\n<p><img data-recalc-dims=\"1\" decoding=\"async\" alt=\"\" src=\"https:\/\/i0.wp.com\/cdnsupport.natrocdn.com\/resources\/android10.jpg?w=750\" \/><\/p>\n<p>&nbsp;<\/p>\n<p>Tebrikler !\u00a0Kurulum sonras\u0131 hemen e-posta almaya ve g\u00f6ndermeye ba\u015flayabilirsiniz.<\/p>\n","protected":false},"excerpt":{"rendered":"<p>Standart\u00a0ve\u00a0Profesyonel\u00a0e-posta hesab\u0131n\u0131z\u0131\u00a0olu\u015fturduktan sonra, posta kutunuzu Android\u00a0i\u015fletim sistemli telefonunuz \u00fczerinde\u00a0kullanabilirsiniz. &nbsp; 1. Uygulamalar b\u00f6l\u00fcm\u00fcnden\u00a0Ayarlar\u00a0simgesine t\u0131klay\u0131n. &nbsp; &nbsp; 2.\u00a0Hesaplar ve yedekleme&#8216;ye t\u0131klay\u0131n. &nbsp; &nbsp; 3.\u00a0Hesaplar\u0131 y\u00f6net&#8216;i t\u0131klay\u0131n. &nbsp; &nbsp; 4.\u00a0Hesap ekle&#8216;yi t\u0131klay\u0131n. &nbsp; &nbsp; 5.\u00a0Ki\u015fisel (IMAP eri\u015fimi)\u00a0t\u0131klay\u0131n. &nbsp; &nbsp; 6. E-posta adresinizi girin. &nbsp; &nbsp; 7. E-posta hesab\u0131n\u0131z\u0131n \u015fifresini girin. &nbsp; &nbsp; [&hellip;]<\/p>\n","protected":false},"author":1,"featured_media":0,"parent":0,"menu_order":0,"comment_status":"closed","ping_status":"closed","template":"","meta":{"footnotes":""},"class_list":["post-138","page","type-page","status-publish","hentry"],"jetpack-related-posts":[],"jetpack_sharing_enabled":true,"_links":{"self":[{"href":"https:\/\/solutionsc.net\/index.php\/wp-json\/wp\/v2\/pages\/138","targetHints":{"allow":["GET"]}}],"collection":[{"href":"https:\/\/solutionsc.net\/index.php\/wp-json\/wp\/v2\/pages"}],"about":[{"href":"https:\/\/solutionsc.net\/index.php\/wp-json\/wp\/v2\/types\/page"}],"author":[{"embeddable":true,"href":"https:\/\/solutionsc.net\/index.php\/wp-json\/wp\/v2\/users\/1"}],"replies":[{"embeddable":true,"href":"https:\/\/solutionsc.net\/index.php\/wp-json\/wp\/v2\/comments?post=138"}],"version-history":[{"count":1,"href":"https:\/\/solutionsc.net\/index.php\/wp-json\/wp\/v2\/pages\/138\/revisions"}],"predecessor-version":[{"id":139,"href":"https:\/\/solutionsc.net\/index.php\/wp-json\/wp\/v2\/pages\/138\/revisions\/139"}],"wp:attachment":[{"href":"https:\/\/solutionsc.net\/index.php\/wp-json\/wp\/v2\/media?parent=138"}],"curies":[{"name":"wp","href":"https:\/\/api.w.org\/{rel}","templated":true}]}}