{"id":2,"date":"2022-07-25T17:51:17","date_gmt":"2022-07-25T17:51:17","guid":{"rendered":"http:\/\/solutionsc.net\/?page_id=2"},"modified":"2024-04-25T16:34:28","modified_gmt":"2024-04-25T16:34:28","slug":"mail-kurulum","status":"publish","type":"page","link":"https:\/\/solutionsc.net\/index.php\/mail-kurulum\/","title":{"rendered":"Kurumsal Mail Hizmeti Kurulumu"},"content":{"rendered":"<p>Outlook kurulumu yapabilmeniz i\u00e7in \u00f6ncelikle<span>\u00a0<\/span><strong>Outlook Hesap Ayarlar\u0131<\/strong><span>\u00a0<\/span>ekran\u0131na ula\u015fman\u0131z gerekmektedir.<span>\u00a0<\/span><strong>Windows<span>\u00a0<\/span><\/strong>bilgisayar\u0131n\u0131zda a\u015fa\u011f\u0131daki ad\u0131mlar\u0131 izleyin.<\/p>\n<p>E\u011fer Iphone telefonunuza kurulum yapmak isterseni <a href=\"https:\/\/solutionsc.net\/index.php\/kurumsal-e-posta-iphone-kurulumu\/\">bu makaleyi inceleyebilirsiniz.<\/a><\/p>\n<p><strong>1.\u00a0Windows\u00a0<\/strong>Denetim Masas\u0131na gidin. A\u00e7mak i\u00e7in<span>\u00a0<\/span><strong>Ba\u015flang\u0131\u00e7<\/strong><span>\u00a0<\/span>d\u00fc\u011fmesinin yan\u0131ndaki arama kutusuna<span>\u00a0<\/span><strong>denetim masas\u0131<\/strong><span>\u00a0<\/span>yaz\u0131n.<\/p>\n<p>&nbsp;<\/p>\n<p><img data-recalc-dims=\"1\" decoding=\"async\" alt=\"\" src=\"https:\/\/i0.wp.com\/cdnsupport.natrocdn.com\/resources\/denetim_masasi.png?w=750\" \/><\/p>\n<p>&nbsp;<\/p>\n<p><strong>2. Denetim Masas\u0131<\/strong>&#8216;nda\u00a0<strong>Mail (Microsoft Outlook 2016)<\/strong>\u00a0\u00fczerine t\u0131klay\u0131n.<\/p>\n<p>(Bu \u00f6\u011fe, kategori g\u00f6r\u00fcn\u00fcm\u00fcn\u00fc de\u011fil, yaln\u0131zca sa\u011f \u00fcstte b\u00fcy\u00fck veya k\u00fc\u00e7\u00fck simgeler i\u00e7eren g\u00f6r\u00fcn\u00fcm\u00fc se\u00e7erseniz g\u00f6r\u00fcn\u00fcr.)<\/p>\n<p>&nbsp;<\/p>\n<p><img data-recalc-dims=\"1\" decoding=\"async\" alt=\"\" src=\"https:\/\/i0.wp.com\/cdnsupport.natrocdn.com\/resources\/denetim_masasi_2.png?w=750\" \/><\/p>\n<p>&nbsp;<\/p>\n<p>3.<span>\u00a0<\/span><strong>E-posta Hesaplar\u0131<\/strong><span>\u00a0<\/span>&#8216;na t\u0131klay\u0131n.<\/p>\n<p>&nbsp;<\/p>\n<p><img data-recalc-dims=\"1\" decoding=\"async\" alt=\"\" src=\"https:\/\/i0.wp.com\/cdnsupport.natrocdn.com\/resources\/E-posta_hesaplari.png?w=750\" \/><\/p>\n<p>&nbsp;<\/p>\n<p>4.\u00a0<strong>Yeni<\/strong>\u00a0se\u00e7ene\u011fini<strong>\u00a0<\/strong>se\u00e7erek devam edin.\u00a0Ard\u0131ndan,\u00a0<strong>E-posta Hesab\u0131<span>\u00a0<\/span><\/strong>se\u00e7ene\u011fini\u00a0se\u00e7erek devam edin ve e-posta hesab\u0131 bilgilerinizi girdikten sonra<span>\u00a0<\/span><strong>Sonraki<\/strong><span>\u00a0<\/span>butonuna t\u0131klay\u0131n.<\/p>\n<p>&nbsp;<\/p>\n<p><strong>Ad\u0131n\u0131z:\u00a0<\/strong>Ad\u0131n\u0131z\u0131 veya firma unvan\u0131n\u0131z\u0131 girin. (E-postalar\u0131n\u0131zda g\u00f6nderici ad\u0131 olarak g\u00f6r\u00fcnmesi i\u00e7indir.)<\/p>\n<p><strong>E-posta Adresi:<\/strong>\u00a0Tam e-posta adresinizi girin.<\/p>\n<p><strong>Parola:\u00a0<\/strong>E-posta adresinizin parolas\u0131n\u0131 girin ve tekrarlay\u0131n.<\/p>\n<p>&nbsp;<\/p>\n<p><img data-recalc-dims=\"1\" decoding=\"async\" alt=\"\" src=\"https:\/\/i0.wp.com\/cdnsupport.natrocdn.com\/resources\/oto_kurulum.png?w=750\" \/><\/p>\n<p>&nbsp;<\/p>\n<p>5. Outlook e-posta kutunuzu otomatik olarak yap\u0131land\u0131rmaya \u00e7al\u0131\u015facakt\u0131r<strong>.<span>\u00a0<\/span><\/strong>Burada kar\u015f\u0131n\u0131za<strong>\u00a0<\/strong>a\u015fa\u011f\u0131daki gibi bir G\u00fcvenlik Uyar\u0131s\u0131 \u00e7\u0131kacakt\u0131r.<span>\u00a0<\/span><strong>Evet<\/strong><span>\u00a0<\/span>diyerek devam edin.<\/p>\n<p>&nbsp;<\/p>\n<p><img data-recalc-dims=\"1\" decoding=\"async\" alt=\"\" src=\"https:\/\/i0.wp.com\/cdnsupport.natrocdn.com\/resources\/sertifika.png?w=750\" \/><\/p>\n<p>&nbsp;<\/p>\n<p>6. Sunucu ayarlar\u0131n\u0131n yap\u0131land\u0131r\u0131mas\u0131na<span>\u00a0<\/span><strong>\u0130zin Ver<\/strong><span>\u00a0<\/span>diyerek devam edin.<\/p>\n<p>&nbsp;<\/p>\n<p><img data-recalc-dims=\"1\" decoding=\"async\" alt=\"\" src=\"https:\/\/i0.wp.com\/cdnsupport.natrocdn.com\/resources\/sertifika2.png?w=750\" \/><\/p>\n<p>&nbsp;<\/p>\n<p>7.<span>\u00a0<\/span><strong>Son\u00a0<\/strong>se\u00e7ene\u011fine t\u0131klayarak kurulumu tamamlay\u0131n.<\/p>\n<p>&nbsp;<\/p>\n<p><img data-recalc-dims=\"1\" decoding=\"async\" alt=\"\" src=\"https:\/\/i0.wp.com\/cdnsupport.natrocdn.com\/resources\/son.png?w=750\" \/><\/p>\n<p>&nbsp;<\/p>\n<p>Otomatik yap\u0131land\u0131rman\u0131n ba\u015far\u0131l\u0131 olmamas\u0131 durumunda yap\u0131land\u0131rmay\u0131 manuel olarak tamamlaman\u0131z gerekir.<\/p>\n<p>&nbsp;<\/p>\n<p>Outlook kurulumunuza manuel olarak devam etmek i\u00e7in a\u015fa\u011f\u0131daki ad\u0131mlar\u0131 izleyin.<\/p>\n<p>&nbsp;<\/p>\n<p>1.<strong>\u00a0<\/strong><strong>Elle Kurulum veya ek sunucu t\u00fcrleri\u2019ni\u00a0<\/strong>se\u00e7erek devam edin.<\/p>\n<p>&nbsp;<\/p>\n<p><img data-recalc-dims=\"1\" decoding=\"async\" alt=\"\" src=\"https:\/\/i0.wp.com\/cdnsupport.natrocdn.com\/resources\/el_ile_kurulum.png?w=750\" \/><\/p>\n<p>&nbsp;<\/p>\n<p>2. Kar\u015f\u0131n\u0131za \u00e7\u0131kacak olan 3 se\u00e7enekten &#8220;<strong>POP veya IMAP<\/strong>&#8221; \u0131 se\u00e7in ve &#8220;Sonraki&#8221; ye t\u0131klay\u0131n.<\/p>\n<p>&nbsp;<\/p>\n<p><img data-recalc-dims=\"1\" decoding=\"async\" alt=\"\" src=\"https:\/\/i0.wp.com\/cdnsupport.natrocdn.com\/resources\/outlook-adim_2.png?w=750\" \/><\/p>\n<p>&nbsp;<\/p>\n<p>3.<strong>\u00a0<\/strong>Eksik<strong>\u00a0<\/strong>bilgileri girin, di\u011fer se\u00e7enekleri oldu\u011fu gibi b\u0131rak\u0131n ve &#8220;<strong>Di\u011fer Ayarlar<\/strong>&#8221; butonuna t\u0131klay\u0131n.<\/p>\n<p>&nbsp;<\/p>\n<p><strong>Ad\u0131n\u0131z:\u00a0<\/strong>Ad\u0131n\u0131z\u0131 veya firma unvan\u0131n\u0131z\u0131 girin. (E-postalar\u0131n\u0131zda g\u00f6nderici ad\u0131 olarak g\u00f6r\u00fcnmesi i\u00e7indir.)<\/p>\n<p><strong>E-posta Adresi:<\/strong>\u00a0Tam e-posta adresinizi girin.<\/p>\n<p><strong>Hesap t\u00fcr\u00fc:<span>\u00a0<\/span><\/strong>IMAP se\u00e7in. (\u00f6nerilir)<\/p>\n<p><strong>Gelen posta sunucusu:<span>\u00a0<\/span><\/strong>mail.kurumsaleposta.com yaz\u0131n.<\/p>\n<p><strong>Giden posta sunucusu:\u00a0<\/strong>mail.kurumsaleposta.com yaz\u0131n.<\/p>\n<p><strong>Kullan\u0131c\u0131 Ad\u0131:<\/strong><span>\u00a0<\/span>Tam e-posta adresinizi yaz\u0131n.<\/p>\n<p><strong>Parola:<span>\u00a0<\/span><\/strong>E-posta adresinizin parolas\u0131n\u0131 yaz\u0131n.<\/p>\n<p>&nbsp;<\/p>\n<p><img data-recalc-dims=\"1\" decoding=\"async\" alt=\"\" src=\"https:\/\/i0.wp.com\/cdnsupport.natrocdn.com\/resources\/pop_imap.png?w=750\" \/><\/p>\n<p>&nbsp;<\/p>\n<p>4.<span>\u00a0<\/span><strong>Giden Sunucu<\/strong><span>\u00a0<\/span>sekmesine t\u0131klay\u0131n,\u00a0&#8220;<strong>Giden sunucum (SMTP) i\u00e7in kimlik do\u011frulamas\u0131 gerekiyor<\/strong>&#8221; ve &#8220;<strong>Gelen posta sunucum ile ayn\u0131 ad ayarlar\u0131n\u0131 kullan<\/strong>&#8221; se\u00e7ene\u011fini i\u015faretleyin.<\/p>\n<p>&nbsp;<\/p>\n<p><img data-recalc-dims=\"1\" decoding=\"async\" alt=\"\" src=\"https:\/\/i0.wp.com\/cdnsupport.natrocdn.com\/resources\/giden_sunucu.png?w=750\" \/><\/p>\n<p>&nbsp;<\/p>\n<p>5.<span>\u00a0<\/span><strong>Geli\u015fmi\u015f<\/strong><span>\u00a0<\/span>sekmesine gidin ve\u00a0sunucu ba\u011flant\u0131 noktalar\u0131n\u0131 (Port)<strong><span>\u00a0<\/span><\/strong>ayarlay\u0131n.<\/p>\n<p>&nbsp;<\/p>\n<p><strong>Sunucu Ba\u011flant\u0131 Noktas\u0131 Numaralar\u0131<\/strong><\/p>\n<p>&nbsp;<\/p>\n<p><strong>Gelen sunucusu (IMAP):<\/strong><span>\u00a0<\/span>993 yaz\u0131n.<\/p>\n<p><strong>Giden sunucusu (SMTP):<\/strong><span>\u00a0<\/span>465 yaz\u0131n.<\/p>\n<p>&nbsp;<\/p>\n<p>Geli\u015fmi\u015f sekmesinde \u015fifreleme t\u00fcr\u00fc olarak her iki sunucu i\u00e7in de<span>\u00a0<\/span><strong>SSL\/TLS<\/strong>&#8216;nin se\u00e7ili oldu\u011fundan emin olun.\u00a0<strong>Tamam<\/strong>\u00a0ve daha sonra<span>\u00a0<\/span><strong>Sonraki<\/strong><span>\u00a0<\/span>butonuna t\u0131klay\u0131n.<\/p>\n<p>&nbsp;<\/p>\n<p><img data-recalc-dims=\"1\" decoding=\"async\" alt=\"\" src=\"https:\/\/i0.wp.com\/cdnsupport.natrocdn.com\/resources\/gelismi%C5%9F.png?w=750\" \/><img data-recalc-dims=\"1\" decoding=\"async\" alt=\"\" src=\"https:\/\/i0.wp.com\/cdnsupport.natrocdn.com\/resources\/gelismis.png?w=750\" \/><\/p>\n<p>&nbsp;<\/p>\n<p>6.\u00a0G\u00f6revler, tamamland\u0131 durumunu g\u00f6rd\u00fc\u011f\u00fcn\u00fczde<span>\u00a0<\/span><strong>Kapat<\/strong><span>\u00a0<\/span>diyebilirsiniz.<\/p>\n<p>&nbsp;<\/p>\n<p><img data-recalc-dims=\"1\" decoding=\"async\" alt=\"\" src=\"https:\/\/i0.wp.com\/cdnsupport.natrocdn.com\/resources\/sinama.png?w=750\" \/><\/p>\n<p>&nbsp;<\/p>\n<p>7.<strong><span>\u00a0<\/span>Son\u00a0<\/strong>se\u00e7ene\u011fine t\u0131klayarak kurulumu tamamlay\u0131n.<\/p>\n<p>&nbsp;<\/p>\n<p><img data-recalc-dims=\"1\" decoding=\"async\" alt=\"\" src=\"https:\/\/i0.wp.com\/cdnsupport.natrocdn.com\/resources\/tebrikler.png?w=750\" \/><\/p>\n<p>&nbsp;<\/p>\n<p>Tebrikler !\u00a0Kurulum sonras\u0131 hemen e-posta almaya ve g\u00f6ndermeye ba\u015flayabilirsiniz<\/p>\n","protected":false},"excerpt":{"rendered":"<p>Outlook kurulumu yapabilmeniz i\u00e7in \u00f6ncelikle\u00a0Outlook Hesap Ayarlar\u0131\u00a0ekran\u0131na ula\u015fman\u0131z gerekmektedir.\u00a0Windows\u00a0bilgisayar\u0131n\u0131zda a\u015fa\u011f\u0131daki ad\u0131mlar\u0131 izleyin. E\u011fer Iphone telefonunuza kurulum yapmak isterseni bu makaleyi inceleyebilirsiniz. 1.\u00a0Windows\u00a0Denetim Masas\u0131na gidin. A\u00e7mak i\u00e7in\u00a0Ba\u015flang\u0131\u00e7\u00a0d\u00fc\u011fmesinin yan\u0131ndaki arama kutusuna\u00a0denetim masas\u0131\u00a0yaz\u0131n. &nbsp; &nbsp; 2. Denetim Masas\u0131&#8216;nda\u00a0Mail (Microsoft Outlook 2016)\u00a0\u00fczerine t\u0131klay\u0131n. (Bu \u00f6\u011fe, kategori g\u00f6r\u00fcn\u00fcm\u00fcn\u00fc de\u011fil, yaln\u0131zca sa\u011f \u00fcstte b\u00fcy\u00fck veya k\u00fc\u00e7\u00fck [&hellip;]<\/p>\n","protected":false},"author":1,"featured_media":0,"parent":0,"menu_order":0,"comment_status":"closed","ping_status":"closed","template":"","meta":{"footnotes":""},"class_list":["post-2","page","type-page","status-publish","hentry"],"jetpack-related-posts":[],"jetpack_sharing_enabled":true,"_links":{"self":[{"href":"https:\/\/solutionsc.net\/index.php\/wp-json\/wp\/v2\/pages\/2","targetHints":{"allow":["GET"]}}],"collection":[{"href":"https:\/\/solutionsc.net\/index.php\/wp-json\/wp\/v2\/pages"}],"about":[{"href":"https:\/\/solutionsc.net\/index.php\/wp-json\/wp\/v2\/types\/page"}],"author":[{"embeddable":true,"href":"https:\/\/solutionsc.net\/index.php\/wp-json\/wp\/v2\/users\/1"}],"replies":[{"embeddable":true,"href":"https:\/\/solutionsc.net\/index.php\/wp-json\/wp\/v2\/comments?post=2"}],"version-history":[{"count":5,"href":"https:\/\/solutionsc.net\/index.php\/wp-json\/wp\/v2\/pages\/2\/revisions"}],"predecessor-version":[{"id":137,"href":"https:\/\/solutionsc.net\/index.php\/wp-json\/wp\/v2\/pages\/2\/revisions\/137"}],"wp:attachment":[{"href":"https:\/\/solutionsc.net\/index.php\/wp-json\/wp\/v2\/media?parent=2"}],"curies":[{"name":"wp","href":"https:\/\/api.w.org\/{rel}","templated":true}]}}