{"id":62,"date":"2022-07-25T18:57:55","date_gmt":"2022-07-25T18:57:55","guid":{"rendered":"http:\/\/solutionsc.net\/?page_id=62"},"modified":"2022-09-10T19:16:07","modified_gmt":"2022-09-10T19:16:07","slug":"home","status":"publish","type":"page","link":"https:\/\/solutionsc.net\/","title":{"rendered":"Home"},"content":{"rendered":"\r\n<div class=\"wp-block-cover alignfull has-white-background-color has-background-dim hestia-clear-top-padding\">\r\n<div class=\"wp-block-cover__inner-container is-layout-flow wp-block-cover-is-layout-flow\">\r\n<h2 class=\"has-text-align-center has-text-color wp-block-heading\" style=\"color: #3c4858;\">Neler Yap\u0131yoruz?<\/h2>\r\n\r\n\r\n\r\n<div style=\"height: 40px;\" aria-hidden=\"true\" class=\"wp-block-spacer\"><\/div>\r\n\r\n\r\n\r\n<div class=\"wp-block-columns container is-layout-flex wp-container-core-columns-is-layout-28f84493 wp-block-columns-is-layout-flex\">\r\n<div class=\"wp-block-column is-layout-flow wp-block-column-is-layout-flow\">\r\n<div class=\"wp-block-image\">\r\n<figure class=\"aligncenter size-large\"><img data-recalc-dims=\"1\" decoding=\"async\" src=\"https:\/\/i0.wp.com\/solutionsc.net\/wp-content\/themes\/hestia\/assets\/img\/feat1.png?w=750&#038;ssl=1\" alt=\"\" class=\"wp-image-70\" \/><\/figure>\r\n<\/div>\r\n\r\n\r\n\r\n<h5 class=\"has-text-align-center has-text-color wp-block-heading\" style=\"color: #3c4858; font-size: 18px;\">Kullan\u0131c\u0131 Y\u00f6netimi<\/h5>\r\n\r\n\r\n\r\n<p class=\"has-text-align-center has-text-color\" style=\"color: #999999; font-size: 14px;\">\u015eirketiniz ister 1 ister 1000+ ki\u015filik olsun kullan\u0131c\u0131 ve envanter y\u00f6netimi konusunda profesyonel destek.<\/p>\r\n\r\n\r\n\r\n<div style=\"height: 25px;\" aria-hidden=\"true\" class=\"wp-block-spacer\"><\/div>\r\n<\/div>\r\n\r\n\r\n\r\n<div class=\"wp-block-column is-layout-flow wp-block-column-is-layout-flow\">\r\n<div class=\"wp-block-image\">\r\n<figure class=\"aligncenter size-large\"><img data-recalc-dims=\"1\" decoding=\"async\" src=\"https:\/\/i0.wp.com\/solutionsc.net\/wp-content\/themes\/hestia\/assets\/img\/feat2.png?w=750&#038;ssl=1\" alt=\"\" class=\"wp-image-71\" \/><\/figure>\r\n<\/div>\r\n\r\n\r\n\r\n<h5 class=\"has-text-align-center has-text-color wp-block-heading\" style=\"color: #3c4858; font-size: 18px;\">E-Posta Y\u00f6netimi<\/h5>\r\n\r\n\r\n\r\n<p class=\"has-text-align-center has-text-color\" style=\"color: #999999; font-size: 14px;\">\u015eirketinizin olmazsa olmaz\u0131 Mail hesaplar\u0131n\u0131n Exchange, POP yada IMAP olarak ihtiyac\u0131n\u0131za en uygun \u015fekilde kurulumu ve y\u00f6netimi.<\/p>\r\n\r\n\r\n\r\n<div style=\"height: 25px;\" aria-hidden=\"true\" class=\"wp-block-spacer\"><\/div>\r\n<\/div>\r\n\r\n\r\n\r\n<div class=\"wp-block-column is-layout-flow wp-block-column-is-layout-flow\">\r\n<div class=\"wp-block-image\">\r\n<figure class=\"aligncenter size-large\"><img data-recalc-dims=\"1\" decoding=\"async\" src=\"https:\/\/i0.wp.com\/solutionsc.net\/wp-content\/themes\/hestia\/assets\/img\/feat3.png?w=750&#038;ssl=1\" alt=\"\" class=\"wp-image-72\" \/><\/figure>\r\n<\/div>\r\n\r\n\r\n\r\n<h5 class=\"has-text-align-center has-text-color wp-block-heading\" style=\"color: #3c4858; font-size: 18px;\">Sistem &amp; Destek<\/h5>\r\n\r\n\r\n\r\n<p class=\"has-text-align-center has-text-color\" style=\"color: #999999; font-size: 14px;\"><span>\u015eirketinizin bili\u015fim sistemleri alt yap\u0131s\u0131n\u0131n kurulmas\u0131, sistem odas\u0131 tasar\u0131m\u0131, bak\u0131m, destek ve y\u00f6netim hizmetleri.<\/span><\/p>\r\n\r\n\r\n\r\n<div style=\"height: 25px;\" aria-hidden=\"true\" class=\"wp-block-spacer\"><\/div>\r\n<\/div>\r\n<\/div>\r\n\r\n\r\n\r\n<div style=\"height: 40px;\" aria-hidden=\"true\" class=\"wp-block-spacer\"><\/div>\r\n<\/div>\r\n<\/div>\r\n\r\n\r\n\r\n<div class=\"wp-block-columns container is-layout-flex wp-container-core-columns-is-layout-28f84493 wp-block-columns-is-layout-flex\">\r\n<div class=\"wp-block-column col-md-5 is-layout-flow wp-block-column-is-layout-flow\">\r\n<div style=\"height: 55px;\" aria-hidden=\"true\" class=\"wp-block-spacer\"><\/div>\r\n\r\n\r\n\r\n<h2 class=\"wp-block-heading\">Solutions C<\/h2>\r\n\r\n\r\n\r\n<p>Bilgisayar teknolojileri ve kurumsal \u00e7\u00f6z\u00fcmler konusunda uzmanla\u015fm\u0131\u015f bir teknoloji \u015firketidir. <span>Bilgisayar ileti\u015fim sistemleri, Web Sitesi, E-Posta Y\u00f6netimi, IT teknik destek ve kurulum taleplerine cevap vermek amac\u0131yla y\u00fcksek m\u00fc\u015fteri memnuniyetini hedef se\u00e7erek mevcut duruma uygun \u00e7\u00f6z\u00fcmler \u00fcretmekteyiz.<\/span><\/p>\r\n<\/div>\r\n\r\n\r\n\r\n<div class=\"wp-block-column col-md-6 col-md-offset1 is-layout-flow wp-block-column-is-layout-flow\">\r\n<div style=\"height: 55px;\" aria-hidden=\"true\" class=\"wp-block-spacer\"><\/div>\r\n\r\n\r\n\r\n\r\n\r\n<p>&nbsp;<\/p>\r\n<\/div>\r\n<\/div>\r\n","protected":false},"excerpt":{"rendered":"<p>Solutions C Bilgisayar teknolojileri ve kurumsal \u00e7\u00f6z\u00fcmler konusunda uzmanla\u015fm\u0131\u015f bir teknoloji \u015firketidir. Bilgisayar ileti\u015fim sistemleri, Web Sitesi, E-Posta Y\u00f6netimi, IT teknik destek ve kurulum taleplerine cevap vermek amac\u0131yla y\u00fcksek m\u00fc\u015fteri memnuniyetini hedef se\u00e7erek mevcut duruma uygun \u00e7\u00f6z\u00fcmler \u00fcretmekteyiz. &nbsp;<\/p>\n","protected":false},"author":1,"featured_media":0,"parent":0,"menu_order":0,"comment_status":"closed","ping_status":"closed","template":"","meta":{"footnotes":""},"class_list":["post-62","page","type-page","status-publish","hentry"],"jetpack-related-posts":[],"jetpack_sharing_enabled":true,"_links":{"self":[{"href":"https:\/\/solutionsc.net\/index.php\/wp-json\/wp\/v2\/pages\/62","targetHints":{"allow":["GET"]}}],"collection":[{"href":"https:\/\/solutionsc.net\/index.php\/wp-json\/wp\/v2\/pages"}],"about":[{"href":"https:\/\/solutionsc.net\/index.php\/wp-json\/wp\/v2\/types\/page"}],"author":[{"embeddable":true,"href":"https:\/\/solutionsc.net\/index.php\/wp-json\/wp\/v2\/users\/1"}],"replies":[{"embeddable":true,"href":"https:\/\/solutionsc.net\/index.php\/wp-json\/wp\/v2\/comments?post=62"}],"version-history":[{"count":8,"href":"https:\/\/solutionsc.net\/index.php\/wp-json\/wp\/v2\/pages\/62\/revisions"}],"predecessor-version":[{"id":128,"href":"https:\/\/solutionsc.net\/index.php\/wp-json\/wp\/v2\/pages\/62\/revisions\/128"}],"wp:attachment":[{"href":"https:\/\/solutionsc.net\/index.php\/wp-json\/wp\/v2\/media?parent=62"}],"curies":[{"name":"wp","href":"https:\/\/api.w.org\/{rel}","templated":true}]}}